{"id":132,"date":"2025-01-09T23:12:15","date_gmt":"2025-01-09T22:12:15","guid":{"rendered":"https:\/\/villameraki.de\/?page_id=132"},"modified":"2025-10-22T20:03:48","modified_gmt":"2025-10-22T19:03:48","slug":"ausstattung-und-preise","status":"publish","type":"page","link":"https:\/\/villameraki.de\/fr\/ausstattung-und-preise\/","title":{"rendered":"\u00c9quipement et prix"},"content":{"rendered":"<h2 class=\"wp-block-heading\"><mark style=\"background-color:rgba(0, 0, 0, 0)\" class=\"has-inline-color has-secondary-color\">Ce qui vous attend<\/mark><\/h2>\n\n\n\n<div style=\"height:100px\" aria-hidden=\"true\" class=\"wp-block-spacer\"><\/div>\n\n\n\n<div class=\"wp-block-columns is-layout-flex wp-container-core-columns-is-layout-28f84493 wp-block-columns-is-layout-flex\">\n<div class=\"wp-block-column is-layout-flow wp-block-column-is-layout-flow\">\n<div class=\"wp-block-columns is-layout-flex wp-container-core-columns-is-layout-28f84493 wp-block-columns-is-layout-flex\">\n<div class=\"wp-block-column is-layout-flow wp-block-column-is-layout-flow\">\n<figure class=\"wp-block-image aligncenter size-full\"><img loading=\"lazy\" decoding=\"async\" width=\"100\" height=\"100\" src=\"https:\/\/villameraki.de\/wp-content\/uploads\/2025\/01\/bed.png\" alt=\"\" class=\"wp-image-182\" srcset=\"https:\/\/villameraki.de\/wp-content\/uploads\/2025\/01\/bed.png 100w, https:\/\/villameraki.de\/wp-content\/uploads\/2025\/01\/bed-12x12.png 12w\" sizes=\"auto, (max-width: 100px) 100vw, 100px\" \/><figcaption class=\"wp-element-caption\">Trois chambres avec lits doubles<\/figcaption><\/figure>\n\n\n\n<figure class=\"wp-block-image aligncenter size-full\"><img loading=\"lazy\" decoding=\"async\" width=\"100\" height=\"100\" src=\"https:\/\/villameraki.de\/wp-content\/uploads\/2025\/01\/flower.png\" alt=\"\" class=\"wp-image-166\" srcset=\"https:\/\/villameraki.de\/wp-content\/uploads\/2025\/01\/flower.png 100w, https:\/\/villameraki.de\/wp-content\/uploads\/2025\/01\/flower-12x12.png 12w\" sizes=\"auto, (max-width: 100px) 100vw, 100px\" \/><figcaption class=\"wp-element-caption\">Jardin<\/figcaption><\/figure>\n\n\n\n<figure class=\"wp-block-image aligncenter size-full\"><img loading=\"lazy\" decoding=\"async\" width=\"100\" height=\"100\" src=\"https:\/\/villameraki.de\/wp-content\/uploads\/2025\/01\/parking.png\" alt=\"\" class=\"wp-image-176\" srcset=\"https:\/\/villameraki.de\/wp-content\/uploads\/2025\/01\/parking.png 100w, https:\/\/villameraki.de\/wp-content\/uploads\/2025\/01\/parking-12x12.png 12w\" sizes=\"auto, (max-width: 100px) 100vw, 100px\" \/><figcaption class=\"wp-element-caption\">Trois places de parking<\/figcaption><\/figure>\n<\/div>\n\n\n\n<div class=\"wp-block-column is-layout-flow wp-block-column-is-layout-flow\">\n<figure class=\"wp-block-image aligncenter size-full\"><img loading=\"lazy\" decoding=\"async\" width=\"100\" height=\"100\" src=\"https:\/\/villameraki.de\/wp-content\/uploads\/2025\/01\/modern-tv-1.png\" alt=\"\" class=\"wp-image-187\" srcset=\"https:\/\/villameraki.de\/wp-content\/uploads\/2025\/01\/modern-tv-1.png 100w, https:\/\/villameraki.de\/wp-content\/uploads\/2025\/01\/modern-tv-1-12x12.png 12w\" sizes=\"auto, (max-width: 100px) 100vw, 100px\" \/><figcaption class=\"wp-element-caption\">T\u00e9l\u00e9viseurs dans toutes les chambres<\/figcaption><\/figure>\n\n\n\n<figure class=\"wp-block-image aligncenter size-full\"><img loading=\"lazy\" decoding=\"async\" width=\"100\" height=\"100\" src=\"https:\/\/villameraki.de\/wp-content\/uploads\/2025\/01\/two-seater-sofa.png\" alt=\"\" class=\"wp-image-179\" srcset=\"https:\/\/villameraki.de\/wp-content\/uploads\/2025\/01\/two-seater-sofa.png 100w, https:\/\/villameraki.de\/wp-content\/uploads\/2025\/01\/two-seater-sofa-12x12.png 12w\" sizes=\"auto, (max-width: 100px) 100vw, 100px\" \/><figcaption class=\"wp-element-caption\">Salon avec canap\u00e9<\/figcaption><\/figure>\n\n\n\n<figure class=\"wp-block-image aligncenter size-full\"><img loading=\"lazy\" decoding=\"async\" width=\"100\" height=\"100\" src=\"https:\/\/villameraki.de\/wp-content\/uploads\/2025\/01\/washing-machine.png\" alt=\"\" class=\"wp-image-168\" srcset=\"https:\/\/villameraki.de\/wp-content\/uploads\/2025\/01\/washing-machine.png 100w, https:\/\/villameraki.de\/wp-content\/uploads\/2025\/01\/washing-machine-12x12.png 12w\" sizes=\"auto, (max-width: 100px) 100vw, 100px\" \/><figcaption class=\"wp-element-caption\">Machine \u00e0 laver<\/figcaption><\/figure>\n<\/div>\n<\/div>\n<\/div>\n\n\n\n<div class=\"wp-block-column is-layout-flow wp-block-column-is-layout-flow\">\n<div class=\"wp-block-columns is-layout-flex wp-container-core-columns-is-layout-28f84493 wp-block-columns-is-layout-flex\">\n<div class=\"wp-block-column is-layout-flow wp-block-column-is-layout-flow\">\n<figure class=\"wp-block-image aligncenter size-full\"><img loading=\"lazy\" decoding=\"async\" width=\"100\" height=\"100\" src=\"https:\/\/villameraki.de\/wp-content\/uploads\/2025\/01\/air-conditioner.png\" alt=\"\" class=\"wp-image-174\" srcset=\"https:\/\/villameraki.de\/wp-content\/uploads\/2025\/01\/air-conditioner.png 100w, https:\/\/villameraki.de\/wp-content\/uploads\/2025\/01\/air-conditioner-12x12.png 12w\" sizes=\"auto, (max-width: 100px) 100vw, 100px\" \/><figcaption class=\"wp-element-caption\">Climatisation<\/figcaption><\/figure>\n\n\n\n<figure class=\"wp-block-image aligncenter size-full\"><img loading=\"lazy\" decoding=\"async\" width=\"100\" height=\"100\" src=\"https:\/\/villameraki.de\/wp-content\/uploads\/2025\/01\/watering-soil.png\" alt=\"\" class=\"wp-image-178\" srcset=\"https:\/\/villameraki.de\/wp-content\/uploads\/2025\/01\/watering-soil.png 100w, https:\/\/villameraki.de\/wp-content\/uploads\/2025\/01\/watering-soil-12x12.png 12w\" sizes=\"auto, (max-width: 100px) 100vw, 100px\" \/><figcaption class=\"wp-element-caption\">Douche<\/figcaption><\/figure>\n<\/div>\n\n\n\n<div class=\"wp-block-column is-layout-flow wp-block-column-is-layout-flow\">\n<figure class=\"wp-block-image aligncenter size-full\"><img loading=\"lazy\" decoding=\"async\" width=\"100\" height=\"100\" src=\"https:\/\/villameraki.de\/wp-content\/uploads\/2025\/01\/cutlery-1.png\" alt=\"\" class=\"wp-image-184\" srcset=\"https:\/\/villameraki.de\/wp-content\/uploads\/2025\/01\/cutlery-1.png 100w, https:\/\/villameraki.de\/wp-content\/uploads\/2025\/01\/cutlery-1-12x12.png 12w\" sizes=\"auto, (max-width: 100px) 100vw, 100px\" \/><figcaption class=\"wp-element-caption\">Cuisine enti\u00e8rement \u00e9quip\u00e9e<\/figcaption><\/figure>\n\n\n\n<figure class=\"wp-block-image aligncenter size-full\"><img loading=\"lazy\" decoding=\"async\" width=\"100\" height=\"100\" src=\"https:\/\/villameraki.de\/wp-content\/uploads\/2025\/01\/bonfire.png\" alt=\"\" class=\"wp-image-175\" srcset=\"https:\/\/villameraki.de\/wp-content\/uploads\/2025\/01\/bonfire.png 100w, https:\/\/villameraki.de\/wp-content\/uploads\/2025\/01\/bonfire-12x12.png 12w\" sizes=\"auto, (max-width: 100px) 100vw, 100px\" \/><figcaption class=\"wp-element-caption\">Po\u00eale \u00e0 bois<\/figcaption><\/figure>\n<\/div>\n<\/div>\n<\/div>\n\n\n\n<div class=\"wp-block-column is-layout-flow wp-block-column-is-layout-flow\">\n<div class=\"wp-block-columns is-layout-flex wp-container-core-columns-is-layout-28f84493 wp-block-columns-is-layout-flex\">\n<div class=\"wp-block-column is-layout-flow wp-block-column-is-layout-flow\">\n<figure class=\"wp-block-image aligncenter size-full\"><img loading=\"lazy\" decoding=\"async\" width=\"100\" height=\"100\" src=\"https:\/\/villameraki.de\/wp-content\/uploads\/2025\/01\/fish-1.png\" alt=\"\" class=\"wp-image-183\" srcset=\"https:\/\/villameraki.de\/wp-content\/uploads\/2025\/01\/fish-1.png 100w, https:\/\/villameraki.de\/wp-content\/uploads\/2025\/01\/fish-1-12x12.png 12w\" sizes=\"auto, (max-width: 100px) 100vw, 100px\" \/><figcaption class=\"wp-element-caption\">Animaux domestiques accept\u00e9s<\/figcaption><\/figure>\n\n\n\n<figure class=\"wp-block-image aligncenter size-full\"><img loading=\"lazy\" decoding=\"async\" width=\"100\" height=\"100\" src=\"https:\/\/villameraki.de\/wp-content\/uploads\/2025\/01\/director-chair-1.png\" alt=\"\" class=\"wp-image-186\" srcset=\"https:\/\/villameraki.de\/wp-content\/uploads\/2025\/01\/director-chair-1.png 100w, https:\/\/villameraki.de\/wp-content\/uploads\/2025\/01\/director-chair-1-12x12.png 12w\" sizes=\"auto, (max-width: 100px) 100vw, 100px\" \/><figcaption class=\"wp-element-caption\">Terrasse avec coin salon<\/figcaption><\/figure>\n<\/div>\n\n\n\n<div class=\"wp-block-column is-layout-flow wp-block-column-is-layout-flow\">\n<figure class=\"wp-block-image aligncenter size-full\"><img loading=\"lazy\" decoding=\"async\" width=\"100\" height=\"100\" src=\"https:\/\/villameraki.de\/wp-content\/uploads\/2025\/01\/internet.png\" alt=\"\" class=\"wp-image-181\" srcset=\"https:\/\/villameraki.de\/wp-content\/uploads\/2025\/01\/internet.png 100w, https:\/\/villameraki.de\/wp-content\/uploads\/2025\/01\/internet-12x12.png 12w\" sizes=\"auto, (max-width: 100px) 100vw, 100px\" \/><figcaption class=\"wp-element-caption\">Internet rapide<\/figcaption><\/figure>\n\n\n\n<figure class=\"wp-block-image aligncenter size-full\"><img loading=\"lazy\" decoding=\"async\" width=\"100\" height=\"100\" src=\"https:\/\/villameraki.de\/wp-content\/uploads\/2025\/01\/wifi.png\" alt=\"\" class=\"wp-image-173\" srcset=\"https:\/\/villameraki.de\/wp-content\/uploads\/2025\/01\/wifi.png 100w, https:\/\/villameraki.de\/wp-content\/uploads\/2025\/01\/wifi-12x12.png 12w\" sizes=\"auto, (max-width: 100px) 100vw, 100px\" \/><figcaption class=\"wp-element-caption\">WLAN<\/figcaption><\/figure>\n<\/div>\n<\/div>\n<\/div>\n<\/div>\n\n\n\n<h2 class=\"wp-block-heading\" id=\"preise\"><mark style=\"background-color:rgba(0, 0, 0, 0)\" class=\"has-inline-color has-secondary-color\">Prix<\/mark><\/h2>\n\n\n\n<p>Veuillez nous communiquer vos dates de voyage souhait\u00e9es via notre formulaire de contact et nous vous enverrons une offre adapt\u00e9e dans les plus brefs d\u00e9lais.<\/p>\n\n\n\n<div class=\"wp-block-buttons is-content-justification-center is-layout-flex wp-container-core-buttons-is-layout-a89b3969 wp-block-buttons-is-layout-flex\">\n<div class=\"wp-block-button\"><a class=\"wp-block-button__link wp-element-button\" href=\"https:\/\/villameraki.de\/kontakt\/\">vers le formulaire de contact<\/a><\/div>\n<\/div>\n\n\n\n<p><\/p>\n\n\n\n<p><\/p>\n\n\n\n<p><\/p>\n\n\n\n<p><\/p>\n\n\n\n<p><\/p>\n\n\n\n<p><\/p>\n\n\n\n<p><\/p>\n\n\n\n<p><\/p>","protected":false},"excerpt":{"rendered":"<p>Was Dich erwartet Preise Bitte teile uns deine gew\u00fcnschten Reisedaten \u00fcber unser Kontaktformular mit und wir lassen dir schnellstm\u00f6glich ein passendes Angebot zukommen.<\/p>","protected":false},"author":2,"featured_media":10,"parent":0,"menu_order":0,"comment_status":"closed","ping_status":"closed","template":"","meta":{"inspiro_hide_title":false,"footnotes":""},"class_list":["post-132","page","type-page","status-publish","has-post-thumbnail","hentry"],"_links":{"self":[{"href":"https:\/\/villameraki.de\/fr\/wp-json\/wp\/v2\/pages\/132","targetHints":{"allow":["GET"]}}],"collection":[{"href":"https:\/\/villameraki.de\/fr\/wp-json\/wp\/v2\/pages"}],"about":[{"href":"https:\/\/villameraki.de\/fr\/wp-json\/wp\/v2\/types\/page"}],"author":[{"embeddable":true,"href":"https:\/\/villameraki.de\/fr\/wp-json\/wp\/v2\/users\/2"}],"replies":[{"embeddable":true,"href":"https:\/\/villameraki.de\/fr\/wp-json\/wp\/v2\/comments?post=132"}],"version-history":[{"count":0,"href":"https:\/\/villameraki.de\/fr\/wp-json\/wp\/v2\/pages\/132\/revisions"}],"wp:featuredmedia":[{"embeddable":true,"href":"https:\/\/villameraki.de\/fr\/wp-json\/wp\/v2\/media\/10"}],"wp:attachment":[{"href":"https:\/\/villameraki.de\/fr\/wp-json\/wp\/v2\/media?parent=132"}],"curies":[{"name":"wp","href":"https:\/\/api.w.org\/{rel}","templated":true}]}}