{"id":137,"date":"2025-01-09T23:13:52","date_gmt":"2025-01-09T22:13:52","guid":{"rendered":"https:\/\/villameraki.de\/?page_id=137"},"modified":"2025-12-30T13:50:51","modified_gmt":"2025-12-30T12:50:51","slug":"kontakt","status":"publish","type":"page","link":"https:\/\/villameraki.de\/fr\/kontakt\/","title":{"rendered":"Contact et itin\u00e9raire"},"content":{"rendered":"<h2 class=\"wp-block-heading\"><mark style=\"background-color:rgba(0, 0, 0, 0)\" class=\"has-inline-color has-secondary-color\">Pour les r\u00e9servations, les questions et tout le reste<\/mark><\/h2>\n\n\n\n<p><\/p>\n\n\n\n<div class=\"wp-block-contact-form-7-contact-form-selector\">\n<div class=\"wpcf7 no-js\" id=\"wpcf7-f144-o1\" lang=\"de-DE\" dir=\"ltr\" data-wpcf7-id=\"144\">\n<div class=\"screen-reader-response\"><p role=\"status\" aria-live=\"polite\" aria-atomic=\"true\"><\/p> <ul><\/ul><\/div>\n<form action=\"\/fr\/wp-json\/wp\/v2\/pages\/137#wpcf7-f144-o1\" method=\"post\" class=\"wpcf7-form init\" aria-label=\"Kontaktformular\" novalidate=\"novalidate\" data-status=\"init\" data-trp-original-action=\"\/fr\/wp-json\/wp\/v2\/pages\/137#wpcf7-f144-o1\">\n<fieldset class=\"hidden-fields-container\"><input type=\"hidden\" name=\"_wpcf7\" value=\"144\" \/><input type=\"hidden\" name=\"_wpcf7_version\" value=\"6.1.5\" \/><input type=\"hidden\" name=\"_wpcf7_locale\" value=\"de_DE\" \/><input type=\"hidden\" name=\"_wpcf7_unit_tag\" value=\"wpcf7-f144-o1\" \/><input type=\"hidden\" name=\"_wpcf7_container_post\" value=\"0\" \/><input type=\"hidden\" name=\"_wpcf7_posted_data_hash\" value=\"\" \/>\n<\/fieldset>\n<p><label> Ton nom<br \/>\n<span class=\"wpcf7-form-control-wrap\" data-name=\"your-name\"><input size=\"40\" maxlength=\"400\" class=\"wpcf7-form-control wpcf7-text wpcf7-validates-as-required\" autocomplete=\"name\" aria-required=\"true\" aria-invalid=\"false\" value=\"\" type=\"text\" name=\"your-name\" \/><\/span> <\/label>\n<\/p>\n<p><label> Ton adresse e-mail<br \/>\n<span class=\"wpcf7-form-control-wrap\" data-name=\"your-email\"><input size=\"40\" maxlength=\"400\" class=\"wpcf7-form-control wpcf7-email wpcf7-validates-as-required wpcf7-text wpcf7-validates-as-email\" autocomplete=\"email\" aria-required=\"true\" aria-invalid=\"false\" value=\"\" type=\"email\" name=\"your-email\" \/><\/span> <\/label>\n<\/p>\n<p><label> Sujet<br \/>\n<span class=\"wpcf7-form-control-wrap\" data-name=\"your-subject\"><input size=\"40\" maxlength=\"400\" class=\"wpcf7-form-control wpcf7-text wpcf7-validates-as-required\" aria-required=\"true\" aria-invalid=\"false\" value=\"\" type=\"text\" name=\"your-subject\" \/><\/span> <\/label>\n<\/p>\n<p><label> Ton message<br \/>\n<span class=\"wpcf7-form-control-wrap\" data-name=\"your-message\"><textarea cols=\"40\" rows=\"10\" maxlength=\"2000\" class=\"wpcf7-form-control wpcf7-textarea wpcf7-validates-as-required\" aria-required=\"true\" aria-invalid=\"false\" name=\"your-message\"><\/textarea><\/span> <\/label>\n<\/p>\n<p><input class=\"wpcf7-form-control wpcf7-submit has-spinner\" type=\"submit\" value=\"Envoyer\" \/>\n<\/p><div class=\"wpcf7-response-output\" aria-hidden=\"true\"><\/div>\n<input type=\"hidden\" name=\"trp-form-language\" value=\"fr\"\/><\/form>\n<\/div>\n<\/div>\n\n\n\n<h2 class=\"wp-block-heading\"><mark style=\"background-color:rgba(0, 0, 0, 0)\" class=\"has-inline-color has-secondary-color\">Voyage<\/mark><\/h2>\n\n\n\n<p>La Villa Meraki est situ\u00e9e \u00e0 environ 30 km de l'a\u00e9roport de Corfou.<br>De l\u00e0, vous pouvez soit prendre le bus pour Agios Georgios (arr\u00eat de bus \u00e0 environ 200 m\u00e8tres de la villa), soit louer une voiture aupr\u00e8s des agences de location locales.<br><br>Nous savons que la recherche d'un v\u00e9hicule appropri\u00e9 peut prendre beaucoup de temps.<br>Pour vous faire gagner du temps, nous pouvons vous proposer une voiture de location bon march\u00e9 qui vous permettra de partir directement de l'a\u00e9roport <br>vous pouvez partir ou organiser un transfert vers l'a\u00e9roport avec nos partenaires fiables.<br>Veuillez simplement nous faire savoir via le formulaire de contact si nous devons organiser votre trajet de l'a\u00e9roport \u00e0 la villa (et retour)<br>Nous nous occuperons de tout le reste pour vous.<br><br><\/p>\n\n\n\n<p><iframe src=\"https:\/\/www.google.com\/maps\/embed?pb=!1m18!1m12!1m3!1d572.5939377765455!2d19.958695518532604!3d39.42642409482251!2m3!1f0!2f0!3f0!3m2!1i1024!2i768!4f13.1!3m3!1m2!1s0x135c994ebc5fd517%3A0x63a7a21106b3eb99!2sVilla%20Meraki!5e1!3m2!1sde!2sgr!4v1767006695695!5m2!1sde!2sgr\" width=\"600\" height=\"450\" style=\"border:0;\" allowfullscreen=\"\" loading=\"lazy\" referrerpolicy=\"no-referrer-when-downgrade\"><\/iframe><\/p>","protected":false},"excerpt":{"rendered":"<p>F\u00fcr Buchungen, Fragen und alles drumherum Anreise Die Villa Meraki befindet sich ca. 30km vom Flughafen Korfu entfernt.Von dort kannst du entweder mit dem Bus nach Agios Georgios fahren (Bushaltestelle ca. 200m von der Villa entfernt) oder einen Mietwagen bei den Autovermietungen vor Ort buchen. Wir wissen, dass die Suche nach einem passenden Fahrzeug sehr &hellip; <\/p>\n<p class=\"link-more\"><a href=\"https:\/\/villameraki.de\/fr\/kontakt\/\" class=\"more-link\">Lire la suite de<span class=\"screen-reader-text\">\u00ab\u00a0Kontakt und Anreise\u00a0\u00bb<\/span><\/a><\/p>","protected":false},"author":2,"featured_media":10,"parent":0,"menu_order":0,"comment_status":"closed","ping_status":"closed","template":"","meta":{"inspiro_hide_title":false,"footnotes":""},"class_list":["post-137","page","type-page","status-publish","has-post-thumbnail","hentry"],"_links":{"self":[{"href":"https:\/\/villameraki.de\/fr\/wp-json\/wp\/v2\/pages\/137","targetHints":{"allow":["GET"]}}],"collection":[{"href":"https:\/\/villameraki.de\/fr\/wp-json\/wp\/v2\/pages"}],"about":[{"href":"https:\/\/villameraki.de\/fr\/wp-json\/wp\/v2\/types\/page"}],"author":[{"embeddable":true,"href":"https:\/\/villameraki.de\/fr\/wp-json\/wp\/v2\/users\/2"}],"replies":[{"embeddable":true,"href":"https:\/\/villameraki.de\/fr\/wp-json\/wp\/v2\/comments?post=137"}],"version-history":[{"count":0,"href":"https:\/\/villameraki.de\/fr\/wp-json\/wp\/v2\/pages\/137\/revisions"}],"wp:featuredmedia":[{"embeddable":true,"href":"https:\/\/villameraki.de\/fr\/wp-json\/wp\/v2\/media\/10"}],"wp:attachment":[{"href":"https:\/\/villameraki.de\/fr\/wp-json\/wp\/v2\/media?parent=137"}],"curies":[{"name":"wp","href":"https:\/\/api.w.org\/{rel}","templated":true}]}}