{"id":72,"date":"2025-01-09T22:24:03","date_gmt":"2025-01-09T21:24:03","guid":{"rendered":"https:\/\/villameraki.de\/?page_id=72"},"modified":"2025-12-30T13:52:53","modified_gmt":"2025-12-30T12:52:53","slug":"ueber-die-villa-meraki","status":"publish","type":"page","link":"https:\/\/villameraki.de\/fr\/ueber-die-villa-meraki\/","title":{"rendered":"\u00c0 propos de la Villa Meraki"},"content":{"rendered":"<h2 class=\"wp-block-heading\"><mark style=\"background-color:rgba(0, 0, 0, 0)\" class=\"has-inline-color has-secondary-color\">Un morceau de libert\u00e9 en mer Ionienne<\/mark><\/h2>\n\n\n\n<p>Bienvenue \u00e0 la Villa Meraki \u00e0 Corfou \u2013 des vacances avec d\u00e9vouement et passion. <br>\u201eMer\u00e1ki\u201c (\u03bc\u03b5\u03c1\u03ac\u03ba\u03b9) est un terme grec qui peut se traduire par \u201e d\u00e9vouement \u201c et \u201e passion \u201c. Ce sont pr\u00e9cis\u00e9ment ces valeurs qui ont \u00e9t\u00e9 au c\u0153ur de notre projet : nous avons con\u00e7u et r\u00e9alis\u00e9 la Villa Meraki avec beaucoup de c\u0153ur et le souci du d\u00e9tail. Nous, du \u201e Team Meraki \u201c, passons nous-m\u00eames beaucoup de temps dans notre maison de r\u00eave et voulons l'utiliser \u00e9galement plus tard, \u00e0 la retraite. C'est pourquoi nous avons accord\u00e9 d\u00e8s le d\u00e9part une attention particuli\u00e8re \u00e0 un standard de qualit\u00e9 tr\u00e8s \u00e9lev\u00e9, notamment en ce qui concerne les mat\u00e9riaux de construction. Le r\u00e9sultat est une maison de vacances qui s'int\u00e8gre parfaitement dans le paysage pittoresque et invite \u00e0 la d\u00e9tente. Notre villa allie une conception spatiale g\u00e9n\u00e9reuse \u00e0 une r\u00e9partition pratique et un mobilier de bon go\u00fbt. D\u00e8s le d\u00e9part, il nous a sembl\u00e9 important de combiner le confort, la fonctionnalit\u00e9 et ce \u201e sentiment de vacances \u201c unique, afin que vous vous sentiez \u00e0 l'aise d\u00e8s le premier instant.<br>Emplacement id\u00e9al \u2013 tout ce que le c\u0153ur d\u00e9sire<br>Notre villa est situ\u00e9e \u00e0 Agios Georgios (municipalit\u00e9 d'Argyrades), un petit village paisible du sud de l'\u00eele de Corfou, directement au bord de la mer.<br>Vous trouverez en outre d'autres tavernes, bars et restaurants dans le centre du village voisin, notamment le Poolbar du \u201eBlue Sea Hotel\u201c familial. La c\u00e9l\u00e8bre plage de sable d'Issos, id\u00e9ale pour les amateurs de sports nautiques, se trouve \u00e0 seulement 2 km.<br>La Villa Meraki est situ\u00e9e dans le sud idyllique de Corfou, une r\u00e9gion connue pour ses collines douces et bois\u00e9es et ses villages charmants et pittoresques. Le lac d'eau douce de Korission et la pittoresque baie d'Alonaki se trouvent \u00e9galement \u00e0 proximit\u00e9, destinations id\u00e9ales pour les amoureux de la nature.<\/p>\n\n\n\n<h2 class=\"wp-block-heading\"><mark style=\"background-color:rgba(0, 0, 0, 0)\" class=\"has-inline-color has-secondary-color\">La villa<\/mark><\/h2>\n\n\n\n<p>La Villa Meraki se compose de deux parties : la maison principale avec deux chambres, un salon, une salle de bain et une cuisine, ainsi que l'appartement avec un lit double, une cuisine et une salle de bain, et peut accueillir jusqu'\u00e0 6 personnes.<\/p>\n\n\n\n<h2 class=\"wp-block-heading\" id=\"umgebung\"><mark style=\"background-color:rgba(0, 0, 0, 0)\" class=\"has-inline-color has-secondary-color\">Dans les environs<\/mark><\/h2>\n\n\n\n<p>\u00c0 seulement cinq minutes \u00e0 pied de la Villa Meraki, vous trouverez tout ce qui rendra vos vacances sp\u00e9ciales :<br><br>\u2022 Une plage de sable calme avec location de chaises longues et de parasols<br>\u2022 Le bar de plage \u201e Crazy Mermaid \u201c - parfait pour une boisson rafra\u00eechissante<br>\u2022 Le restaurant \u201e Kafesas \u201c \u2013 savourez la d\u00e9licieuse cuisine grecque<br>\u2022 Un supermarch\u00e9 pour les besoins quotidiens<br><br>\u00c0 seulement 2 minutes \u00e0 pied, vous trouverez le charmant bar de Jimmy et Julie, le \u201e Barbayannis \u201c, o\u00f9 vous pourrez prendre un excellent petit-d\u00e9jeuner ou une collation. Le soir, vous avez \u00e9galement la possibilit\u00e9 de vous d\u00e9tendre dans leur jardin avec une magnifique vue sur la mer. <br>Encore un peu plus loin se trouve le restaurant \u201eMalibu\u201c, qui offre aux visiteurs un magnifique coucher de soleil sur la mer, tout en d\u00e9gustant de la nourriture et des boissons.<\/p>\n\n\n\n<h2 class=\"wp-block-heading\"><mark style=\"background-color:rgba(0, 0, 0, 0)\" class=\"has-inline-color has-secondary-color\">Vos vacances, votre retraite<\/mark><\/h2>\n\n\n\n<p>Laissez-vous charmer par la magie de Corfou et profitez de journ\u00e9es inoubliables \u00e0 la Villa Meraki \u2013 un lieu o\u00f9 vous exp\u00e9rimenterez la tranquillit\u00e9, le confort et la joie de vivre grecque.<\/p>\n\n\n\n<h2 class=\"wp-block-heading\"><mark style=\"background-color:rgba(0, 0, 0, 0)\" class=\"has-inline-color has-secondary-color\">Emplacement<\/mark><\/h2>\n\n\n\n<p><iframe src=\"https:\/\/www.google.com\/maps\/embed?pb=!1m17!1m12!1m3!1d994.1909654547252!2d19.958282269664963!3d39.42657403414779!2m3!1f0!2f0!3f0!3m2!1i1024!2i768!4f13.1!3m2!1m1!2zMznCsDI1JzM1LjciTiAxOcKwNTcnMzIuMSJF!5e1!3m2!1sde!2sat!4v1736469542141!5m2!1sde!2sat\" width=\"600\" height=\"450\" style=\"border:0;\" allowfullscreen=\"\" loading=\"lazy\" referrerpolicy=\"no-referrer-when-downgrade\"><\/iframe><\/p>","protected":false},"excerpt":{"rendered":"<p>Ein St\u00fcck Freiheit im ionischen Meer Willkommen in der Villa Meraki auf Korfu \u2013 Urlaub mit Hingabe und Leidenschaft. \u201eMer\u00e1ki\u201c (\u03bc\u03b5\u03c1\u03ac\u03ba\u03b9) ist ein griechischer Begriff, der sich mit \u201eHingabe\u201c und \u201eLeidenschaft\u201c \u00fcbersetzen l\u00e4sst. Genau diese Werte standen im Mittelpunkt unseres Projekts: Mit viel Herzblut und Liebe zum Detail haben wir die Villa Meraki geplant und &hellip; <\/p>\n<p class=\"link-more\"><a href=\"https:\/\/villameraki.de\/fr\/ueber-die-villa-meraki\/\" class=\"more-link\">Lire la suite de<span class=\"screen-reader-text\">\u00ab\u00a0\u00dcber die Villa Meraki\u00a0\u00bb<\/span><\/a><\/p>","protected":false},"author":1,"featured_media":10,"parent":0,"menu_order":0,"comment_status":"closed","ping_status":"closed","template":"","meta":{"inspiro_hide_title":false,"footnotes":""},"class_list":["post-72","page","type-page","status-publish","has-post-thumbnail","hentry"],"_links":{"self":[{"href":"https:\/\/villameraki.de\/fr\/wp-json\/wp\/v2\/pages\/72","targetHints":{"allow":["GET"]}}],"collection":[{"href":"https:\/\/villameraki.de\/fr\/wp-json\/wp\/v2\/pages"}],"about":[{"href":"https:\/\/villameraki.de\/fr\/wp-json\/wp\/v2\/types\/page"}],"author":[{"embeddable":true,"href":"https:\/\/villameraki.de\/fr\/wp-json\/wp\/v2\/users\/1"}],"replies":[{"embeddable":true,"href":"https:\/\/villameraki.de\/fr\/wp-json\/wp\/v2\/comments?post=72"}],"version-history":[{"count":0,"href":"https:\/\/villameraki.de\/fr\/wp-json\/wp\/v2\/pages\/72\/revisions"}],"wp:featuredmedia":[{"embeddable":true,"href":"https:\/\/villameraki.de\/fr\/wp-json\/wp\/v2\/media\/10"}],"wp:attachment":[{"href":"https:\/\/villameraki.de\/fr\/wp-json\/wp\/v2\/media?parent=72"}],"curies":[{"name":"wp","href":"https:\/\/api.w.org\/{rel}","templated":true}]}}