{"id":12,"date":"2025-01-09T21:13:51","date_gmt":"2025-01-09T20:13:51","guid":{"rendered":"https:\/\/villameraki.de\/?page_id=12"},"modified":"2026-04-01T10:16:38","modified_gmt":"2026-04-01T09:16:38","slug":"homepage","status":"publish","type":"page","link":"https:\/\/villameraki.de\/gr\/","title":{"rendered":"\u0391\u03c1\u03c7\u03b9\u03ba\u03ae \u03c3\u03b5\u03bb\u03af\u03b4\u03b1"},"content":{"rendered":"<div class=\"wp-block-cover alignfull is-light\" style=\"min-height:100vh;aspect-ratio:unset;\"><video class=\"wp-block-cover__video-background intrinsic-ignore\" autoplay muted loop playsinline src=\"https:\/\/demo.wpzoom.com\/inspiro-lite\/files\/2022\/03\/Pexels-Videos-1409899-1.mp4\" data-object-fit=\"cover\"><\/video><span aria-hidden=\"true\" class=\"wp-block-cover__background has-background-dim-20 has-background-dim\"><\/span><div class=\"wp-block-cover__inner-container has-global-padding is-layout-constrained wp-block-cover-is-layout-constrained\">\n<p class=\"has-text-align-center has-white-color has-text-color has-max-60-font-size\" style=\"font-style:normal;font-weight:900;line-height:1.2\"><strong>\u038f\u03c1\u03b1 \u03b3\u03b9\u03b1 \u03c7\u03b1\u03bb\u03ac\u03c1\u03c9\u03c3\u03b7.<\/strong><\/p>\n\n\n\n<p class=\"has-text-align-center has-white-color has-text-color has-medium-font-size\">\u0391\u03c0\u03bf\u03bb\u03b1\u03cd\u03c3\u03c4\u03b5 \u03bc\u03b9\u03b1 \u03b1\u03be\u03ad\u03c7\u03b1\u03c3\u03c4\u03b7 \u03b4\u03b9\u03b1\u03bc\u03bf\u03bd\u03ae \u03c3\u03c4\u03b7 Villa Meraki, \u03c0\u03bf\u03c5 \u03b2\u03c1\u03af\u03c3\u03ba\u03b5\u03c4\u03b1\u03b9 \u03c3\u03c4\u03bf \u03c0\u03b1\u03bd\u03ad\u03bc\u03bf\u03c1\u03c6\u03bf \u03bd\u03b7\u03c3\u03af \u03c4\u03b7\u03c2 \u039a\u03ad\u03c1\u03ba\u03c5\u03c1\u03b1\u03c2!<\/p>\n\n\n\n<div style=\"height:55px\" aria-hidden=\"true\" class=\"wp-block-spacer\"><\/div>\n\n\n\n<div class=\"wp-block-buttons is-content-justification-center is-layout-flex wp-container-core-buttons-is-layout-a89b3969 wp-block-buttons-is-layout-flex\">\n<div class=\"wp-block-button is-style-outline is-style-outline--1\"><a class=\"wp-block-button__link has-white-color has-text-color wp-element-button\" href=\"https:\/\/villameraki.de\/bildergalerie\" style=\"border-radius:0px\">\u03c3\u03c4\u03b7 \u03b3\u03ba\u03b1\u03bb\u03b5\u03c1\u03af \u03b5\u03b9\u03ba\u03cc\u03bd\u03c9\u03bd<\/a><\/div>\n<\/div>\n<\/div><\/div>\n\n\n\n<div class=\"wp-block-group has-global-padding is-layout-constrained wp-block-group-is-layout-constrained\">\n<h2 class=\"wp-block-heading has-text-align-center\">\u0397 \u03b2\u03af\u03bb\u03b1 Meraki \u03c3\u03c4\u03b7\u03bd \u039a\u03ad\u03c1\u03ba\u03c5\u03c1\u03b1 \u03c5\u03c0\u03cc\u03c3\u03c7\u03b5\u03c4\u03b1\u03b9 \u03bc\u03b9\u03b1 \u03b5\u03be\u03b1\u03b9\u03c1\u03b5\u03c4\u03b9\u03ba\u03ae \u03b5\u03bc\u03c0\u03b5\u03b9\u03c1\u03af\u03b1 \u03b4\u03b9\u03b1\u03ba\u03bf\u03c0\u03ce\u03bd.<\/h2>\n\n\n\n<p class=\"has-text-align-center\">\u03a3\u03b1\u03c2 \u03c0\u03c1\u03bf\u03c3\u03ba\u03b1\u03bb\u03bf\u03cd\u03bc\u03b5 \u03bd\u03b1 \u03c0\u03b5\u03b9\u03c3\u03c4\u03b5\u03af\u03c4\u03b5 \u03bc\u03cc\u03bd\u03bf\u03b9 \u03c3\u03b1\u03c2 \u03b3\u03b9\u03b1 \u03c4\u03bf\u03bd \u03b5\u03ba\u03c4\u03b5\u03c4\u03b1\u03bc\u03ad\u03bd\u03bf \u03b5\u03be\u03bf\u03c0\u03bb\u03b9\u03c3\u03bc\u03cc, \u03c4\u03b7 \u03c6\u03c5\u03c3\u03b9\u03ba\u03ae \u03c4\u03bf\u03c0\u03bf\u03b8\u03b5\u03c3\u03af\u03b1 \u03ba\u03b1\u03b9 \u03c4\u03b7 \u03c6\u03b9\u03bb\u03b9\u03ba\u03ae \u03b3\u03b5\u03b9\u03c4\u03bf\u03bd\u03b9\u03ac \u03c4\u03b7\u03c2 \u03b2\u03af\u03bb\u03b1\u03c2 \u03bc\u03b1\u03c2 Meraki.<br><br><strong>\u2193 \u039c\u03ad\u03c3\u03c9 \u03c4\u03b7\u03c2 \u03c6\u03cc\u03c1\u03bc\u03b1\u03c2 \u03b5\u03c0\u03b9\u03ba\u03bf\u03b9\u03bd\u03c9\u03bd\u03af\u03b1\u03c2 \u03bc\u03b1\u03c2, \u03b5\u03af\u03bc\u03b1\u03c3\u03c4\u03b5 \u03c3\u03c4\u03b7 \u03b4\u03b9\u03ac\u03b8\u03b5\u03c3\u03ae \u03c3\u03b1\u03c2 \u03b3\u03b9\u03b1 \u03ba\u03c1\u03b1\u03c4\u03ae\u03c3\u03b5\u03b9\u03c2 \u03ba\u03b1\u03b9 \u03b3\u03b5\u03bd\u03b9\u03ba\u03ad\u03c2 \u03b5\u03c1\u03c9\u03c4\u03ae\u03c3\u03b5\u03b9\u03c2. \u2193&nbsp;<\/strong><\/p>\n\n\n\n<div class=\"wp-block-buttons is-content-justification-center is-layout-flex wp-container-core-buttons-is-layout-a89b3969 wp-block-buttons-is-layout-flex\">\n<div class=\"wp-block-button\"><a class=\"wp-block-button__link wp-element-button\" href=\"https:\/\/villameraki.de\/kontakt\">\u03c3\u03c4\u03b7 \u03c6\u03cc\u03c1\u03bc\u03b1 \u03b5\u03c0\u03b9\u03ba\u03bf\u03b9\u03bd\u03c9\u03bd\u03af\u03b1\u03c2<\/a><\/div>\n<\/div>\n\n\n\n<div style=\"height:var(--wp--preset--spacing--x-small)\" aria-hidden=\"true\" class=\"wp-block-spacer\"><\/div>\n<\/div>\n\n\n\n<div class=\"wp-block-group has-background-background-color has-background has-global-padding is-layout-constrained wp-block-group-is-layout-constrained\">\n<h2 class=\"wp-block-heading has-text-align-left\"><mark style=\"background-color:rgba(0, 0, 0, 0)\" class=\"has-inline-color has-secondary-color\">\u0395\u03a0\u0399\u03a4\u0395\u039b\u039f\u03a5\u03a3 \u0394\u0399\u0391\u039a\u039f\u03a0\u0395\u03a3!<\/mark><\/h2>\n\n\n\n<p class=\"has-text-align-left\">\u0397 \u0392\u03af\u03bb\u03b1 \u039ceraki \u03b2\u03c1\u03af\u03c3\u03ba\u03b5\u03c4\u03b1\u03b9 \u03c3\u03c4\u03bf \u03b5\u03b9\u03b4\u03c5\u03bb\u03bb\u03b9\u03b1\u03ba\u03cc \u0386\u03b3\u03b9\u03bf \u0393\u03b5\u03ce\u03c1\u03b3\u03b9\u03bf \u03c3\u03c4\u03b1 \u03bd\u03bf\u03c4\u03b9\u03bf\u03b4\u03c5\u03c4\u03b9\u03ba\u03ac \u03c4\u03bf\u03c5 \u03b5\u03bb\u03bb\u03b7\u03bd\u03b9\u03ba\u03bf\u03cd \u03bd\u03b7\u03c3\u03b9\u03bf\u03cd \u03c4\u03b7\u03c2 \u039a\u03ad\u03c1\u03ba\u03c5\u03c1\u03b1\u03c2. \u038a\u03c3\u03c9\u03c2 \u03b4\u03b5\u03bd \u03b3\u03bd\u03c9\u03c1\u03af\u03b6\u03b5\u03b9\u03c2 \u03b1\u03ba\u03cc\u03bc\u03b1 \u03c4\u03bf \u03bd\u03b7\u03c3\u03af \u03c9\u03c2 \u03c4\u03bf\u03c5\u03c1\u03b9\u03c3\u03c4\u03b9\u03ba\u03cc \u03c0\u03c1\u03bf\u03bf\u03c1\u03b9\u03c3\u03bc\u03cc, \u03b1\u03bb\u03bb\u03ac \u03bc\u03b5 \u03c4\u03b7 \u0392\u03af\u03bb\u03b1 Meraki \u03b8\u03b1 \u03b1\u03b3\u03b1\u03c0\u03ae\u03c3\u03b5\u03b9\u03c2 \u03ba\u03b1\u03b9 \u03b5\u03c3\u03cd \u03c4\u03b7\u03bd \u039a\u03ad\u03c1\u03ba\u03c5\u03c1\u03b1. \u03a4\u03bf \u03b5\u03ba\u03c0\u03bb\u03b7\u03ba\u03c4\u03b9\u03ba\u03cc \u03c4\u03bf\u03c0\u03af\u03bf \u03ba\u03b1\u03b9 \u03b7 \u03c4\u03c5\u03c0\u03b9\u03ba\u03ae \u03b5\u03bb\u03bb\u03b7\u03bd\u03b9\u03ba\u03ae \u03c6\u03b9\u03bb\u03bf\u03be\u03b5\u03bd\u03af\u03b1 \u03c4\u03c9\u03bd \u03b3\u03cd\u03c1\u03c9 \u03bc\u03c0\u03b1\u03c1 \u03ba\u03b1\u03b9 \u03b5\u03c3\u03c4\u03b9\u03b1\u03c4\u03bf\u03c1\u03af\u03c9\u03bd \u03b5\u03b3\u03b3\u03c5\u03ce\u03bd\u03c4\u03b1\u03b9 \u03bc\u03b9\u03b1 \u03b5\u03bc\u03c0\u03b5\u03b9\u03c1\u03af\u03b1 \u03b4\u03b9\u03b1\u03ba\u03bf\u03c0\u03ce\u03bd \u03c0\u03bf\u03c5 \u03be\u03b5\u03c0\u03b5\u03c1\u03bd\u03ac \u03c4\u03b1 \u03c3\u03c5\u03bd\u03b7\u03b8\u03b9\u03c3\u03bc\u03ad\u03bd\u03b1!<\/p>\n\n\n\n<p><\/p>\n\n\n\n<div class=\"wp-block-columns is-layout-flex wp-container-core-columns-is-layout-5069ec6e wp-block-columns-is-layout-flex\" style=\"padding-right:0;padding-left:0\">\n<div class=\"wp-block-column is-layout-flow wp-block-column-is-layout-flow\">\n<div class=\"wp-block-cover\"><img loading=\"lazy\" decoding=\"async\" width=\"1600\" height=\"739\" class=\"wp-block-cover__image-background wp-image-87\" alt=\"\" src=\"https:\/\/villameraki.de\/wp-content\/uploads\/2025\/01\/IMG-20250101-WA0021.jpg\" data-object-fit=\"cover\" srcset=\"https:\/\/villameraki.de\/wp-content\/uploads\/2025\/01\/IMG-20250101-WA0021.jpg 1600w, https:\/\/villameraki.de\/wp-content\/uploads\/2025\/01\/IMG-20250101-WA0021-18x8.jpg 18w\" sizes=\"auto, (max-width: 1600px) 100vw, 1600px\" \/><span aria-hidden=\"true\" class=\"wp-block-cover__background has-background-dim\"><\/span><div class=\"wp-block-cover__inner-container is-layout-flow wp-block-cover-is-layout-flow\">\n<h2 class=\"wp-block-heading\">\u0393\u03ba\u03b1\u03bb\u03b5\u03c1\u03af \u03b5\u03b9\u03ba\u03cc\u03bd\u03c9\u03bd<\/h2>\n\n\n\n<p class=\"has-background\" style=\"background-color:#0000007a\"><a href=\"https:\/\/villameraki.de\/bildergalerie\">\u0391\u03c0\u03cc\u03ba\u03c4\u03b7\u03c3\u03b5 \u03bc\u03b9\u03b1 \u03b5\u03bd\u03c4\u03cd\u03c0\u03c9\u03c3\u03b7 \u2794<\/a><\/p>\n<\/div><\/div>\n<\/div>\n\n\n\n<div class=\"wp-block-column is-layout-flow wp-block-column-is-layout-flow\">\n<div class=\"wp-block-cover\"><img loading=\"lazy\" decoding=\"async\" width=\"1024\" height=\"556\" class=\"wp-block-cover__image-background wp-image-90\" alt=\"\" src=\"https:\/\/villameraki.de\/wp-content\/uploads\/2025\/01\/IMG-20250103-WA0005-e1736458455969-1024x556.jpg\" data-object-fit=\"cover\" srcset=\"https:\/\/villameraki.de\/wp-content\/uploads\/2025\/01\/IMG-20250103-WA0005-e1736458455969-1024x556.jpg 1024w, https:\/\/villameraki.de\/wp-content\/uploads\/2025\/01\/IMG-20250103-WA0005-e1736458455969-300x163.jpg 300w, https:\/\/villameraki.de\/wp-content\/uploads\/2025\/01\/IMG-20250103-WA0005-e1736458455969-768x417.jpg 768w, https:\/\/villameraki.de\/wp-content\/uploads\/2025\/01\/IMG-20250103-WA0005-e1736458455969-18x10.jpg 18w, https:\/\/villameraki.de\/wp-content\/uploads\/2025\/01\/IMG-20250103-WA0005-e1736458455969.jpg 1360w\" sizes=\"auto, (max-width: 1024px) 100vw, 1024px\" \/><span aria-hidden=\"true\" class=\"wp-block-cover__background has-background-dim\"><\/span><div class=\"wp-block-cover__inner-container is-layout-flow wp-block-cover-is-layout-flow\">\n<h2 class=\"wp-block-heading\">\u0395\u03be\u03bf\u03c0\u03bb\u03b9\u03c3\u03bc\u03cc\u03c2<\/h2>\n\n\n\n<p class=\"has-background\" style=\"background-color:#0000007a\"><a href=\"https:\/\/villameraki.de\/ausstattung-und-preise\">\u03a4\u03b1 \u03b4\u03c9\u03bc\u03ac\u03c4\u03b9\u03b1 \u03c3\u03c4\u03b7 \u0392\u03af\u03bb\u03b1 \u039c\u03b5\u03c1\u03ac\u03ba\u03b9 \u2794<\/a><\/p>\n<\/div><\/div>\n<\/div>\n\n\n\n<div class=\"wp-block-column is-layout-flow wp-block-column-is-layout-flow\">\n<div class=\"wp-block-cover\"><img loading=\"lazy\" decoding=\"async\" width=\"382\" height=\"510\" class=\"wp-block-cover__image-background wp-image-101\" alt=\"\" src=\"https:\/\/villameraki.de\/wp-content\/uploads\/2025\/01\/2024-07-03.jpg\" data-object-fit=\"cover\" srcset=\"https:\/\/villameraki.de\/wp-content\/uploads\/2025\/01\/2024-07-03.jpg 382w, https:\/\/villameraki.de\/wp-content\/uploads\/2025\/01\/2024-07-03-225x300.jpg 225w, https:\/\/villameraki.de\/wp-content\/uploads\/2025\/01\/2024-07-03-9x12.jpg 9w\" sizes=\"auto, (max-width: 382px) 100vw, 382px\" \/><span aria-hidden=\"true\" class=\"wp-block-cover__background has-background-dim\"><\/span><div class=\"wp-block-cover__inner-container is-layout-flow wp-block-cover-is-layout-flow\">\n<h2 class=\"wp-block-heading\">\u03c3\u03c4\u03b7\u03bd \u03c0\u03b5\u03c1\u03b9\u03bf\u03c7\u03ae<\/h2>\n\n\n\n<p class=\"has-background\" style=\"background-color:#0000007a\"><a href=\"https:\/\/villameraki.de\/ueber-die-villa-meraki#umgebung\">\u0395\u03c3\u03c4\u03b9\u03b1\u03c4\u03cc\u03c1\u03b9\u03b1, \u03b4\u03c1\u03b1\u03c3\u03c4\u03b7\u03c1\u03b9\u03cc\u03c4\u03b7\u03c4\u03b5\u03c2 &amp; \u03c0\u03b5\u03c1\u03b9\u03c3\u03c3\u03cc\u03c4\u03b5\u03c1\u03b1 \u2794<\/a><\/p>\n<\/div><\/div>\n<\/div>\n<\/div>\n<\/div>\n\n\n\n<p><\/p>","protected":false},"excerpt":{"rendered":"<p>Die Villa Meraki auf Korfu verspricht ein au\u00dfergew\u00f6hnliches Urlaubserlebnis. Wir laden dich ein, dich selbst von der umfangreichen Ausstattung, naturbelassenen Lage und freundlichen Nachbarschaft unserer Villa Meraki zu \u00fcberzeugen. \u2193&nbsp;\u00dcber unser Kontaktformular stehen wir f\u00fcr Buchungen und allgemeine Fragen zur Verf\u00fcgung. \u2193&nbsp; ENDLICH URLAUB! Die Villa Meraki befindet sich im idyllischen Agios Georgios im S\u00fcdwesten &hellip; <\/p>\n<p class=\"link-more\"><a href=\"https:\/\/villameraki.de\/gr\/\" class=\"more-link\">Read more<span class=\"screen-reader-text\"> &#8222;Homepage&#8220;<\/span><\/a><\/p>","protected":false},"author":1,"featured_media":0,"parent":0,"menu_order":0,"comment_status":"closed","ping_status":"closed","template":"page-templates\/homepage-no-hero.php","meta":{"inspiro_hide_title":false,"footnotes":""},"class_list":["post-12","page","type-page","status-publish","hentry"],"_links":{"self":[{"href":"https:\/\/villameraki.de\/gr\/wp-json\/wp\/v2\/pages\/12","targetHints":{"allow":["GET"]}}],"collection":[{"href":"https:\/\/villameraki.de\/gr\/wp-json\/wp\/v2\/pages"}],"about":[{"href":"https:\/\/villameraki.de\/gr\/wp-json\/wp\/v2\/types\/page"}],"author":[{"embeddable":true,"href":"https:\/\/villameraki.de\/gr\/wp-json\/wp\/v2\/users\/1"}],"replies":[{"embeddable":true,"href":"https:\/\/villameraki.de\/gr\/wp-json\/wp\/v2\/comments?post=12"}],"version-history":[{"count":0,"href":"https:\/\/villameraki.de\/gr\/wp-json\/wp\/v2\/pages\/12\/revisions"}],"wp:attachment":[{"href":"https:\/\/villameraki.de\/gr\/wp-json\/wp\/v2\/media?parent=12"}],"curies":[{"name":"wp","href":"https:\/\/api.w.org\/{rel}","templated":true}]}}