{"id":12,"date":"2025-01-09T21:13:51","date_gmt":"2025-01-09T20:13:51","guid":{"rendered":"https:\/\/villameraki.de\/?page_id=12"},"modified":"2026-04-01T10:16:38","modified_gmt":"2026-04-01T09:16:38","slug":"homepage","status":"publish","type":"page","link":"https:\/\/villameraki.de\/it\/","title":{"rendered":"Homepage"},"content":{"rendered":"<div class=\"wp-block-cover alignfull is-light\" style=\"min-height:100vh;aspect-ratio:unset;\"><video class=\"wp-block-cover__video-background intrinsic-ignore\" autoplay muted loop playsinline src=\"https:\/\/demo.wpzoom.com\/inspiro-lite\/files\/2022\/03\/Pexels-Videos-1409899-1.mp4\" data-object-fit=\"cover\"><\/video><span aria-hidden=\"true\" class=\"wp-block-cover__background has-background-dim-20 has-background-dim\"><\/span><div class=\"wp-block-cover__inner-container has-global-padding is-layout-constrained wp-block-cover-is-layout-constrained\">\n<p class=\"has-text-align-center has-white-color has-text-color has-max-60-font-size\" style=\"font-style:normal;font-weight:900;line-height:1.2\"><strong>Tempo di rilassarsi.<\/strong><\/p>\n\n\n\n<p class=\"has-text-align-center has-white-color has-text-color has-medium-font-size\">Goditi un soggiorno indimenticabile nella Villa Meraki, situata sulla splendida isola di Corf\u00f9!<\/p>\n\n\n\n<div style=\"height:55px\" aria-hidden=\"true\" class=\"wp-block-spacer\"><\/div>\n\n\n\n<div class=\"wp-block-buttons is-content-justification-center is-layout-flex wp-container-core-buttons-is-layout-a89b3969 wp-block-buttons-is-layout-flex\">\n<div class=\"wp-block-button is-style-outline is-style-outline--1\"><a class=\"wp-block-button__link has-white-color has-text-color wp-element-button\" href=\"https:\/\/villameraki.de\/bildergalerie\" style=\"border-radius:0px\">alla galleria di immagini<\/a><\/div>\n<\/div>\n<\/div><\/div>\n\n\n\n<div class=\"wp-block-group has-global-padding is-layout-constrained wp-block-group-is-layout-constrained\">\n<h2 class=\"wp-block-heading has-text-align-center\">Villa Meraki a Corf\u00f9 promette un'esperienza di vacanza eccezionale.<\/h2>\n\n\n\n<p class=\"has-text-align-center\">Ti invitiamo a scoprire di persona l'ampia dotazione, la posizione immersa nella natura e la cordiale vicinanza della nostra Villa Meraki.<br><br><strong>\u2193 Attraverso il nostro modulo di contatto siamo disponibili per prenotazioni e domande generali. \u2193&nbsp;<\/strong><\/p>\n\n\n\n<div class=\"wp-block-buttons is-content-justification-center is-layout-flex wp-container-core-buttons-is-layout-a89b3969 wp-block-buttons-is-layout-flex\">\n<div class=\"wp-block-button\"><a class=\"wp-block-button__link wp-element-button\" href=\"https:\/\/villameraki.de\/kontakt\">al modulo di contatto<\/a><\/div>\n<\/div>\n\n\n\n<div style=\"height:var(--wp--preset--spacing--x-small)\" aria-hidden=\"true\" class=\"wp-block-spacer\"><\/div>\n<\/div>\n\n\n\n<div class=\"wp-block-group has-background-background-color has-background has-global-padding is-layout-constrained wp-block-group-is-layout-constrained\">\n<h2 class=\"wp-block-heading has-text-align-left\"><mark style=\"background-color:rgba(0, 0, 0, 0)\" class=\"has-inline-color has-secondary-color\">Finalmente vacanza!<\/mark><\/h2>\n\n\n\n<p class=\"has-text-align-left\">Villa Meraki si trova nell'idilliaca Agios Georgios, nel sud-ovest dell'isola greca di Corf\u00f9. Forse non conosci ancora l'isola come meta di vacanza, ma con Villa Meraki anche tu imparerai ad amare Corf\u00f9. Il paesaggio mozzafiato e la tipica ospitalit\u00e0 greca dei bar e ristoranti circostanti garantiscono un'esperienza di vacanza di prima classe!<\/p>\n\n\n\n<p><\/p>\n\n\n\n<div class=\"wp-block-columns is-layout-flex wp-container-core-columns-is-layout-5069ec6e wp-block-columns-is-layout-flex\" style=\"padding-right:0;padding-left:0\">\n<div class=\"wp-block-column is-layout-flow wp-block-column-is-layout-flow\">\n<div class=\"wp-block-cover\"><img loading=\"lazy\" decoding=\"async\" width=\"1600\" height=\"739\" class=\"wp-block-cover__image-background wp-image-87\" alt=\"\" src=\"https:\/\/villameraki.de\/wp-content\/uploads\/2025\/01\/IMG-20250101-WA0021.jpg\" data-object-fit=\"cover\" srcset=\"https:\/\/villameraki.de\/wp-content\/uploads\/2025\/01\/IMG-20250101-WA0021.jpg 1600w, https:\/\/villameraki.de\/wp-content\/uploads\/2025\/01\/IMG-20250101-WA0021-18x8.jpg 18w\" sizes=\"auto, (max-width: 1600px) 100vw, 1600px\" \/><span aria-hidden=\"true\" class=\"wp-block-cover__background has-background-dim\"><\/span><div class=\"wp-block-cover__inner-container is-layout-flow wp-block-cover-is-layout-flow\">\n<h2 class=\"wp-block-heading\">Galleria di immagini<\/h2>\n\n\n\n<p class=\"has-background\" style=\"background-color:#0000007a\"><a href=\"https:\/\/villameraki.de\/bildergalerie\">Fatti un'idea \u2794<\/a><\/p>\n<\/div><\/div>\n<\/div>\n\n\n\n<div class=\"wp-block-column is-layout-flow wp-block-column-is-layout-flow\">\n<div class=\"wp-block-cover\"><img loading=\"lazy\" decoding=\"async\" width=\"1024\" height=\"556\" class=\"wp-block-cover__image-background wp-image-90\" alt=\"\" src=\"https:\/\/villameraki.de\/wp-content\/uploads\/2025\/01\/IMG-20250103-WA0005-e1736458455969-1024x556.jpg\" data-object-fit=\"cover\" srcset=\"https:\/\/villameraki.de\/wp-content\/uploads\/2025\/01\/IMG-20250103-WA0005-e1736458455969-1024x556.jpg 1024w, https:\/\/villameraki.de\/wp-content\/uploads\/2025\/01\/IMG-20250103-WA0005-e1736458455969-300x163.jpg 300w, https:\/\/villameraki.de\/wp-content\/uploads\/2025\/01\/IMG-20250103-WA0005-e1736458455969-768x417.jpg 768w, https:\/\/villameraki.de\/wp-content\/uploads\/2025\/01\/IMG-20250103-WA0005-e1736458455969-18x10.jpg 18w, https:\/\/villameraki.de\/wp-content\/uploads\/2025\/01\/IMG-20250103-WA0005-e1736458455969.jpg 1360w\" sizes=\"auto, (max-width: 1024px) 100vw, 1024px\" \/><span aria-hidden=\"true\" class=\"wp-block-cover__background has-background-dim\"><\/span><div class=\"wp-block-cover__inner-container is-layout-flow wp-block-cover-is-layout-flow\">\n<h2 class=\"wp-block-heading\">Dotazione<\/h2>\n\n\n\n<p class=\"has-background\" style=\"background-color:#0000007a\"><a href=\"https:\/\/villameraki.de\/ausstattung-und-preise\">Le stanze nella Villa Meraki \u2794<\/a><\/p>\n<\/div><\/div>\n<\/div>\n\n\n\n<div class=\"wp-block-column is-layout-flow wp-block-column-is-layout-flow\">\n<div class=\"wp-block-cover\"><img loading=\"lazy\" decoding=\"async\" width=\"382\" height=\"510\" class=\"wp-block-cover__image-background wp-image-101\" alt=\"\" src=\"https:\/\/villameraki.de\/wp-content\/uploads\/2025\/01\/2024-07-03.jpg\" data-object-fit=\"cover\" srcset=\"https:\/\/villameraki.de\/wp-content\/uploads\/2025\/01\/2024-07-03.jpg 382w, https:\/\/villameraki.de\/wp-content\/uploads\/2025\/01\/2024-07-03-225x300.jpg 225w, https:\/\/villameraki.de\/wp-content\/uploads\/2025\/01\/2024-07-03-9x12.jpg 9w\" sizes=\"auto, (max-width: 382px) 100vw, 382px\" \/><span aria-hidden=\"true\" class=\"wp-block-cover__background has-background-dim\"><\/span><div class=\"wp-block-cover__inner-container is-layout-flow wp-block-cover-is-layout-flow\">\n<h2 class=\"wp-block-heading\">nei dintorni<\/h2>\n\n\n\n<p class=\"has-background\" style=\"background-color:#0000007a\"><a href=\"https:\/\/villameraki.de\/ueber-die-villa-meraki#umgebung\">Ristoranti, Attivit\u00e0 &amp; altro \u2794<\/a><\/p>\n<\/div><\/div>\n<\/div>\n<\/div>\n<\/div>\n\n\n\n<p><\/p>","protected":false},"excerpt":{"rendered":"<p>La Villa Meraki a Corf\u00f9 promette un'esperienza di vacanza eccezionale. Ti invitiamo a scoprire di persona l'ampia dotazione, la posizione naturale e la cordiale vicinanza della nostra Villa Meraki. \u2193 Tramite il nostro modulo di contatto siamo a disposizione per prenotazioni e domande generali. \u2193 FINALMENTE VACANZE! La Villa Meraki si trova nell'idilliaca Agios Georgios a sud-ovest... <\/p>\n<p class=\"link-more\"><a href=\"https:\/\/villameraki.de\/it\/\" class=\"more-link\">Leggi tutto<span class=\"screen-reader-text\"> \u201ePagina iniziale\u201c<\/span><\/a><\/p>","protected":false},"author":1,"featured_media":0,"parent":0,"menu_order":0,"comment_status":"closed","ping_status":"closed","template":"page-templates\/homepage-no-hero.php","meta":{"inspiro_hide_title":false,"footnotes":""},"class_list":["post-12","page","type-page","status-publish","hentry"],"_links":{"self":[{"href":"https:\/\/villameraki.de\/it\/wp-json\/wp\/v2\/pages\/12","targetHints":{"allow":["GET"]}}],"collection":[{"href":"https:\/\/villameraki.de\/it\/wp-json\/wp\/v2\/pages"}],"about":[{"href":"https:\/\/villameraki.de\/it\/wp-json\/wp\/v2\/types\/page"}],"author":[{"embeddable":true,"href":"https:\/\/villameraki.de\/it\/wp-json\/wp\/v2\/users\/1"}],"replies":[{"embeddable":true,"href":"https:\/\/villameraki.de\/it\/wp-json\/wp\/v2\/comments?post=12"}],"version-history":[{"count":0,"href":"https:\/\/villameraki.de\/it\/wp-json\/wp\/v2\/pages\/12\/revisions"}],"wp:attachment":[{"href":"https:\/\/villameraki.de\/it\/wp-json\/wp\/v2\/media?parent=12"}],"curies":[{"name":"wp","href":"https:\/\/api.w.org\/{rel}","templated":true}]}}