{"id":152,"date":"2025-01-09T23:42:33","date_gmt":"2025-01-09T22:42:33","guid":{"rendered":"https:\/\/villameraki.de\/?page_id=152"},"modified":"2025-01-09T23:46:46","modified_gmt":"2025-01-09T22:46:46","slug":"impressum","status":"publish","type":"page","link":"https:\/\/villameraki.de\/it\/impressum\/","title":{"rendered":"Impronta"},"content":{"rendered":"<p>La seguente dichiarazione sulla protezione dei dati si applica all'utilizzo della nostra offerta online [<a href=\"https:\/\/www.villameraki.de\/\" target=\"_blank\" rel=\"noreferrer noopener\">www.VillaMeraki.de<\/a>\u00a0(di seguito \u201eSito web\u201c). Diamo grande importanza alla protezione dei dati. La raccolta e il trattamento dei vostri dati personali avvengono nel rispetto delle normative vigenti in materia di protezione dei dati, in particolare del Regolamento Generale sulla Protezione dei Dati (GDPR).<\/p>\n\n\n\n<p><strong><br>Responsabile<\/strong><br>Il responsabile della raccolta, del trattamento e dell'utilizzo dei vostri dati personali ai sensi dell'art. 4 n. 7 del GDPR \u00e8<\/p>\n\n\n\n<p><br>Villa Meraki<br>Maresa Beham, Markus Beham, Ralf Reichert, Sebastian Beham<br>Sailerbachstra\u00dfe 56A<br>83115 Neubeuern<br>Telefono: +49 8035\/6669<br>E-Mail: info@villameraki.de<\/p>\n\n\n\n<p>Se desiderate opporvi in tutto o in parte alla raccolta, all'elaborazione o all'utilizzo dei vostri dati da parte nostra ai sensi della presente informativa sulla privacy, potete inviare la vostra obiezione al titolare del trattamento. Potete salvare e stampare la presente informativa sulla privacy in qualsiasi momento.<br><strong><br>2. Finalit\u00e0 generali del trattamento<\/strong><br>Utilizziamo dati personali allo scopo di gestire il sito web ed elaborare gli ordini. Il tuo indirizzo IP o dati simili che consentirebbero un'attribuzione dei cookie a te non vengono inseriti nel cookie. Sulla base della tecnologia dei cookie, riceviamo solo informazioni pseudonimizzate, ad esempio su quali pagine del nostro negozio sono state visitate, quali prodotti sono stati visualizzati, ecc. Puoi impostare il tuo browser in modo da essere informato in anticipo sulla creazione di cookie e decidere, nei singoli casi, se accettare o rifiutare i cookie per specifici casi o in generale, o se impedire completamente i cookie. Ci\u00f2 pu\u00f2 limitare la funzionalit\u00e0 del sito web.<br><strong><br>2.1 Dati per l'adempimento dei nostri obblighi contrattuali<\/strong><br>Elaboriamo dati personali di cui necessitiamo per adempiere ai nostri obblighi contrattuali, come nome, indirizzo, indirizzo email, prodotti ordinati, dati di fatturazione e di pagamento. La raccolta di questi dati \u00e8 necessaria per la conclusione del contratto. La cancellazione dei dati avviene allo scadere dei termini di garanzia e dei periodi di conservazione legali. La base giuridica per il trattamento di questi dati \u00e8 l'art. 6 comma 1 frase 1 lett. b) GDPR, poich\u00e9 questi dati sono necessari affinch\u00e9 possiamo adempiere ai nostri obblighi contrattuali nei Vostri confronti.<br><strong><br>3. Durata della conservazione<\/strong><br>Salvo diversa indicazione specifica, conserviamo i dati personali solo per il tempo strettamente necessario al perseguimento degli scopi prefissati. In alcuni casi, la legge prevede la conservazione dei dati personali, ad esempio nel diritto fiscale o commerciale. In questi casi, i dati vengono conservati da noi solo per tali finalit\u00e0 legali, ma non vengono elaborati in altro modo e vengono cancellati al termine del periodo di conservazione legale.<br><strong><br>4. I tuoi diritti come interessato dal trattamento dei dati<\/strong><br>In base alle leggi applicabili, hai diversi diritti relativi ai tuoi dati personali. Se desideri esercitare tali diritti, ti preghiamo di inviare una richiesta via e-mail o posta all'indirizzo indicato al punto 1, identificandoti chiaramente. Di seguito troverai una panoramica dei tuoi diritti.<br><strong><br>4.1 Diritto di conferma e di accesso<\/strong><br>Avete diritto a una chiara informazione sul trattamento dei vostri dati personali.<\/p>\n\n\n\n<p>Nel dettaglio:<br>Lei ha il diritto, in qualsiasi momento, di ottenere da noi conferma che i dati personali che La riguardano siano o meno oggetto di trattamento. Qualora ci\u00f2 sia applicabile, Lei ha il diritto di ottenere da noi una copia dei dati personali, oltre alle seguenti informazioni:<\/p>\n\n\n\n<ol class=\"wp-block-list\">\n<li>le finalit\u00e0 del trattamento;<\/li>\n\n\n\n<li>le categorie di dati personali che vengono trattate;<\/li>\n\n\n\n<li>i destinatari o le categorie di destinatari cui i dati personali sono stati o saranno comunicati, in particolare se destinatari di paesi terzi o organizzazioni internazionali;<\/li>\n\n\n\n<li>se possibile, il periodo di tempo previsto durante il quale i dati personali saranno conservati oppure, se ci\u00f2 non \u00e8 possibile, i criteri utilizzati per determinare tale periodo;<\/li>\n\n\n\n<li>il diritto di ottenere la rettifica o la cancellazione dei dati personali che La riguardano o la limitazione del trattamento da parte del titolare del trattamento, o di opporsi a tale trattamento;<\/li>\n\n\n\n<li>l'esistenza di un diritto di reclamo presso un'autorit\u00e0 di vigilanza;<\/li>\n\n\n\n<li>se i dati personali non sono stati raccolti presso l'interessato, tutte le informazioni disponibili sull'origine dei dati;<\/li>\n\n\n\n<li>la presenza di un processo decisionale automatizzato, compreso il profiling, ai sensi dell'articolo 22, paragrafi 1 e 4 del GDPR e, almeno in questi casi, informazioni significative sulla logica utilizzata, nonch\u00e9 sulla portata e sugli effetti previsti di tale trattamento nei tuoi confronti. Nel caso in cui i dati personali vengano trasferiti in un paese terzo o a un'organizzazione internazionale, hai il diritto di essere informato riguardo alle garanzie adeguate ai sensi dell'articolo 46 del GDPR relative al trasferimento.<\/li>\n<\/ol>\n\n\n\n<p><strong>4.2 Diritto di rettifica<\/strong><br>Lei ha il diritto di chiederci la rettifica e, se del caso, anche l'integrazione dei dati personali che La riguardano.<br>Nel dettaglio:<br>Avete il diritto di ottenere da noi la rettifica dei dati personali inesatti che vi riguardano senza ingiustificato ritardo. Tenuto conto delle finalit\u00e0 del trattamento, avete il diritto di integrare i dati personali incompleti, anche fornendo una dichiarazione integrativa.<br><strong><br>4.3 Diritto alla cancellazione<\/strong><br>In una serie di casi, siamo obbligati a cancellare i dati personali che ti riguardano.<\/p>\n\n\n\n<p>Nel dettaglio:<br>Ai sensi dell'articolo 17, paragrafo 1 del GDPR, Lei ha il diritto di richiedere la cancellazione immediata dei dati personali che La riguardano, e noi siamo obbligati a cancellare i dati personali immediatamente, qualora si verifichi uno dei seguenti motivi:<\/p>\n\n\n\n<ol class=\"wp-block-list\">\n<li>I dati personali non sono pi\u00f9 necessari per le finalit\u00e0 per le quali sono stati raccolti o altrimenti trattati.<\/li>\n\n\n\n<li>Lei revochi il Suo consenso, su cui si basava il trattamento ai sensi dell'art. 6 comma 1 frase 1 lettera a) del GDPR o dell'art. 9 comma 2 lettera a) del GDPR, e manchi un'altra base giuridica per il trattamento.<\/li>\n\n\n\n<li>Lei si oppone al trattamento ai sensi dell'art. 21 comma 1 del GDPR e non sussistono motivi legittimi prevalenti per il trattamento, oppure si oppone al trattamento ai sensi dell'art. 21 comma 2 del GDPR.<\/li>\n\n\n\n<li>I dati personali sono stati trattati illecitamente.<\/li>\n\n\n\n<li>La cancellazione dei dati personali \u00e8 necessaria per adempiere un obbligo legale al quale siamo soggetti in base al diritto dell'Unione o dello Stato membro.<\/li>\n\n\n\n<li>I dati personali sono stati raccolti in relazione ai servizi della societ\u00e0 dell\u2019informazione offerti ai sensi dell\u2019art. 8, paragrafo 1 del RGPD.<\/li>\n\n\n\n<li>Se abbiamo reso pubblici dati personali e siamo obbligati a cancellarli ai sensi dell'art. 17, paragrafo 1, del GDPR, adotteremo misure ragionevoli, anche di natura tecnica, tenendo conto dei mezzi disponibili e dei costi di attuazione, per informare i responsabili del trattamento che stanno trattando dati personali del fatto che Lei ha richiesto loro la cancellazione di qualsiasi link a tali dati personali o di copie o repliche di tali dati personali.<\/li>\n<\/ol>\n\n\n\n<p><strong>4.4 Diritto alla limitazione di trattamento<\/strong><br>In una serie di casi, hai il diritto di richiederci una limitazione del trattamento dei tuoi dati personali.<\/p>\n\n\n\n<p>Nel dettaglio:<br>Avete il diritto di richiederci la limitazione di trattamento se sussiste una delle seguenti condizioni:<\/p>\n\n\n\n<ol class=\"wp-block-list\">\n<li>la correttezza dei dati personali \u00e8 contestata da Lei, per un periodo di tempo che ci consente di verificare la correttezza dei dati personali,<\/li>\n\n\n\n<li>l'elaborazione \u00e8 illecita e Lei si oppone alla cancellazione dei dati personali e chiede invece che ne sia limitato l'utilizzo;<\/li>\n\n\n\n<li>non abbiamo pi\u00f9 bisogno dei dati personali ai fini del trattamento, ma si necessita dei dati per la constatazione, l'esercizio o la difesa di diritti legali, o<\/li>\n\n\n\n<li>Lei si \u00e8 opposto al trattamento ai sensi dell'art. 21, comma 1 del GDPR, finch\u00e9 non sia stato stabilito se i motivi legittimi della nostra azienda prevalgono sui suoi.<\/li>\n<\/ol>\n\n\n\n<p><strong>4.5 Diritto alla portabilit\u00e0 dei dati<\/strong><br>Hai il diritto di ricevere i tuoi dati personali in un formato leggibile da macchina, di trasmetterli o di farli trasmettere da noi. Nello specifico: hai il diritto di ricevere i dati personali che ci hai fornito in un formato strutturato, di uso comune e leggibile da macchina, e hai il diritto di trasmettere detti dati a un altro titolare del trattamento senza impedimenti da parte nostra, a condizione che<\/p>\n\n\n\n<ol class=\"wp-block-list\">\n<li>il trattamento si basa su un consenso ai sensi dell'art. 6 cpv. 1 frase 1 lett. a) GDPR o dell'art. 9 cpv. 2 lett. a) GDPR o su un contratto ai sensi dell'art. 6 cpv. 1 frase 1 lett. b) GDPR e<\/li>\n\n\n\n<li>il trattamento avviene mediante procedure automatizzate.<\/li>\n\n\n\n<li>Esercitando il tuo diritto alla portabilit\u00e0 dei dati ai sensi del paragrafo 1, hai il diritto di ottenere che i dati personali ti riguardano vengano trasmessi da noi a un altro responsabile del trattamento, ove tecnicamente fattibile.<\/li>\n<\/ol>\n\n\n\n<p><strong>4.6 Diritto di opposizione<\/strong><br>Avete il diritto di opporvi a un trattamento lecito dei vostri dati personali da parte nostra, se ci\u00f2 \u00e8 giustificato dalla vostra situazione particolare e i nostri interessi al trattamento non prevalgono.<\/p>\n\n\n\n<p>Nel dettaglio:<br>Avete il diritto di opporvi in qualsiasi momento, per motivi connessi alla vostra situazione particolare, al trattamento dei dati personali che vi riguardano basato sulle lettere (e) o (f) dell'articolo 6(1) del GDPR, compresa la profilazione basata su tali disposizioni. Non tratteremo pi\u00f9 i dati personali a meno che non possiamo dimostrare l'esistenza di motivi legittimi impellenti per il trattamento che prevalgono sui vostri interessi, diritti e libert\u00e0, o il trattamento serve per l'istituzione, l'esercizio o la difesa di rivendicazioni legali. Se trattiamo i dati personali per finalit\u00e0 di marketing diretto, avete il diritto di opporvi in qualsiasi momento al trattamento dei dati personali che vi riguardano per tale marketing, che include la profilazione nella misura in cui \u00e8 correlata a tale marketing diretto. Avete il diritto di opporvi, per motivi legati alla vostra situazione particolare, al trattamento dei dati personali che vi riguardano a fini di ricerca scientifica o storica o a fini statistici ai sensi dell'articolo 89, paragrafo 1, del GDPR, a meno che il trattamento non sia necessario per l'esecuzione di un compito svolto per motivi di interesse pubblico.<br><strong><br>4.7 Diritto di revoca del consenso per la protezione dei dati<\/strong><br>Lei ha il diritto di revocare il consenso al trattamento dei dati personali in qualsiasi momento.<br><strong><br>4.8 Diritto di reclamo a un'autorit\u00e0 di controllo<\/strong><br>Lei ha il diritto di presentare un reclamo a un'autorit\u00e0 di controllo, in particolare nello Stato membro in cui risiede abitualmente, lavora o presso cui si \u00e8 verificata la presunta violazione, qualora ritenga che il trattamento dei dati personali che La riguardano sia illecito.<br><strong><br>5. Sicurezza dei dati<\/strong><br>Ci impegniamo al massimo per la sicurezza dei tuoi dati nel rispetto delle leggi vigenti sulla protezione dei dati e delle possibilit\u00e0 tecniche. Utilizziamo il sistema di codifica SSL (Secure Socket Layer), ma ti informiamo che la trasmissione dei dati su Internet (ad es. nella comunicazione via e-mail) pu\u00f2 presentare delle lacune di sicurezza. Non \u00e8 possibile proteggere i dati da accessi di terzi in modo completo. Per la protezione dei tuoi dati, adottiamo misure di sicurezza tecniche e organizzative in conformit\u00e0 all'art. 32 del GDPR, che aggiorniamo costantemente allo stato dell'arte. Inoltre, non garantiamo che la nostra offerta sia sempre disponibile; non si possono escludere guasti, interruzioni o malfunzionamenti. I server da noi utilizzati vengono regolarmente sottoposti a un'attenta procedura di backup.<br><strong><br>6. Divulgazione dei dati a terzi, nessuna trasmissione di dati in paesi extra-UE<\/strong><br>In linea di principio, utilizziamo i tuoi dati personali solo all'interno della nostra azienda. Qualora e nei limiti in cui coinvolgiamo terzi nell'esecuzione di contratti (ad esempio, fornitori di servizi logistici), questi dati personali vengono comunicati solo nella misura in cui la trasmissione \u00e8 necessaria per la prestazione specifica. Nell'eventualit\u00e0 che esternalizziamo determinate parti dell'elaborazione dei dati (\u201eelaborazione su commessa\u201c), obblighiamo contrattualmente i responsabili del trattamento ad utilizzare i dati personali solo in conformit\u00e0 con i requisiti delle leggi sulla protezione dei dati e a garantire la tutela dei diritti dell'interessato. Non avviene n\u00e9 \u00e8 prevista alcuna trasmissione di dati a organismi o persone al di fuori dell'UE, salvo nel caso indicato nella presente informativa al punto 4.<\/p>","protected":false},"excerpt":{"rendered":"<p>Die nachfolgende Datenschutzerkl\u00e4rung gilt f\u00fcr die Nutzung unseres Online-Angebots [www.VillaMeraki.de\u00a0(nachfolgend \u201eWebsite\u201c). Wir messen dem Datenschutz gro\u00dfe Bedeutung bei. Die Erhebung und Verarbeitung Ihrer personenbezogenen Daten geschieht unter Beachtung der geltenden datenschutzrechtlichen Vorschriften, insbesondere der Datenschutzgrundverordnung (DSGVO). 1. VerantwortlicherVerantwortlicher f\u00fcr die Erhebung, Verarbeitung und Nutzung Ihrer personenbezogenen Daten im Sinne von Art. 4 Nr. 7 DSGVO &hellip; <\/p>\n<p class=\"link-more\"><a href=\"https:\/\/villameraki.de\/it\/impressum\/\" class=\"more-link\">Leggi tutto<span class=\"screen-reader-text\"> &#8222;Impressum&#8220;<\/span><\/a><\/p>","protected":false},"author":2,"featured_media":10,"parent":0,"menu_order":0,"comment_status":"closed","ping_status":"closed","template":"","meta":{"inspiro_hide_title":false,"footnotes":""},"class_list":["post-152","page","type-page","status-publish","has-post-thumbnail","hentry"],"_links":{"self":[{"href":"https:\/\/villameraki.de\/it\/wp-json\/wp\/v2\/pages\/152","targetHints":{"allow":["GET"]}}],"collection":[{"href":"https:\/\/villameraki.de\/it\/wp-json\/wp\/v2\/pages"}],"about":[{"href":"https:\/\/villameraki.de\/it\/wp-json\/wp\/v2\/types\/page"}],"author":[{"embeddable":true,"href":"https:\/\/villameraki.de\/it\/wp-json\/wp\/v2\/users\/2"}],"replies":[{"embeddable":true,"href":"https:\/\/villameraki.de\/it\/wp-json\/wp\/v2\/comments?post=152"}],"version-history":[{"count":0,"href":"https:\/\/villameraki.de\/it\/wp-json\/wp\/v2\/pages\/152\/revisions"}],"wp:featuredmedia":[{"embeddable":true,"href":"https:\/\/villameraki.de\/it\/wp-json\/wp\/v2\/media\/10"}],"wp:attachment":[{"href":"https:\/\/villameraki.de\/it\/wp-json\/wp\/v2\/media?parent=152"}],"curies":[{"name":"wp","href":"https:\/\/api.w.org\/{rel}","templated":true}]}}